{"id":10,"date":"2020-10-10T17:29:08","date_gmt":"2020-10-10T17:29:08","guid":{"rendered":"https:\/\/althans.de\/?page_id=10"},"modified":"2021-03-14T22:09:03","modified_gmt":"2021-03-14T22:09:03","slug":"werbeartikel","status":"publish","type":"page","link":"https:\/\/althans.de\/?page_id=10","title":{"rendered":"Werbeartikel"},"content":{"rendered":"\t\t<div data-elementor-type=\"wp-page\" data-elementor-id=\"10\" class=\"elementor elementor-10\" data-elementor-post-type=\"page\">\n\t\t\t\t\t\t<section class=\"elementor-section elementor-top-section elementor-element elementor-element-0a00e78 elementor-section-boxed elementor-section-height-default elementor-section-height-default\" data-id=\"0a00e78\" data-element_type=\"section\">\n\t\t\t\t\t\t<div class=\"elementor-container elementor-column-gap-default\">\n\t\t\t\t\t<div class=\"elementor-column elementor-col-100 elementor-top-column elementor-element elementor-element-cb0d43c\" data-id=\"cb0d43c\" data-element_type=\"column\">\n\t\t\t<div class=\"elementor-widget-wrap elementor-element-populated\">\n\t\t\t\t\t\t<div class=\"elementor-element elementor-element-d49c2ec elementor-widget elementor-widget-image\" data-id=\"d49c2ec\" data-element_type=\"widget\" data-widget_type=\"image.default\">\n\t\t\t\t<div class=\"elementor-widget-container\">\n\t\t\t\t\t\t\t\t\t\t\t\t\t\t\t<img fetchpriority=\"high\" decoding=\"async\" width=\"800\" height=\"198\" src=\"https:\/\/althans.de\/wp-content\/uploads\/2020\/10\/althans-text-werbeartikel.png\" class=\"attachment-large size-large wp-image-71\" alt=\"\" srcset=\"https:\/\/althans.de\/wp-content\/uploads\/2020\/10\/althans-text-werbeartikel.png 1024w, https:\/\/althans.de\/wp-content\/uploads\/2020\/10\/althans-text-werbeartikel-300x74.png 300w, https:\/\/althans.de\/wp-content\/uploads\/2020\/10\/althans-text-werbeartikel-768x191.png 768w\" sizes=\"(max-width: 800px) 100vw, 800px\" \/>\t\t\t\t\t\t\t\t\t\t\t\t\t\t\t<\/div>\n\t\t\t\t<\/div>\n\t\t\t\t<section class=\"elementor-section elementor-inner-section elementor-element elementor-element-fff9db2 elementor-section-boxed elementor-section-height-default elementor-section-height-default\" data-id=\"fff9db2\" data-element_type=\"section\">\n\t\t\t\t\t\t<div class=\"elementor-container elementor-column-gap-default\">\n\t\t\t\t\t<div class=\"elementor-column elementor-col-50 elementor-inner-column elementor-element elementor-element-8f5eff3\" data-id=\"8f5eff3\" data-element_type=\"column\">\n\t\t\t<div class=\"elementor-widget-wrap elementor-element-populated\">\n\t\t\t\t\t\t<div class=\"elementor-element elementor-element-e01d1c4 elementor-widget elementor-widget-image\" data-id=\"e01d1c4\" data-element_type=\"widget\" data-widget_type=\"image.default\">\n\t\t\t\t<div class=\"elementor-widget-container\">\n\t\t\t\t\t\t\t\t\t\t\t\t\t\t\t<img decoding=\"async\" width=\"257\" height=\"300\" src=\"https:\/\/althans.de\/wp-content\/uploads\/2020\/10\/althans-content-werbeartikel-KuhRoteHose-257x300.png\" class=\"attachment-medium size-medium wp-image-64\" alt=\"\" srcset=\"https:\/\/althans.de\/wp-content\/uploads\/2020\/10\/althans-content-werbeartikel-KuhRoteHose-257x300.png 257w, https:\/\/althans.de\/wp-content\/uploads\/2020\/10\/althans-content-werbeartikel-KuhRoteHose-877x1024.png 877w, https:\/\/althans.de\/wp-content\/uploads\/2020\/10\/althans-content-werbeartikel-KuhRoteHose-768x897.png 768w, https:\/\/althans.de\/wp-content\/uploads\/2020\/10\/althans-content-werbeartikel-KuhRoteHose.png 1024w\" sizes=\"(max-width: 257px) 100vw, 257px\" \/>\t\t\t\t\t\t\t\t\t\t\t\t\t\t\t<\/div>\n\t\t\t\t<\/div>\n\t\t\t\t\t<\/div>\n\t\t<\/div>\n\t\t\t\t<div class=\"elementor-column elementor-col-50 elementor-inner-column elementor-element elementor-element-5fa3285\" data-id=\"5fa3285\" data-element_type=\"column\">\n\t\t\t<div class=\"elementor-widget-wrap elementor-element-populated\">\n\t\t\t\t\t\t<div class=\"elementor-element elementor-element-3b5dc5f elementor-widget elementor-widget-text-editor\" data-id=\"3b5dc5f\" data-element_type=\"widget\" data-widget_type=\"text-editor.default\">\n\t\t\t\t<div class=\"elementor-widget-container\">\n\t\t\t\t\t\t\t\t\t<p>\u00bbEs gibt zahlreiche M\u00f6glichkeiten, Pl\u00fcschtiere mit Logos oder anderen Informationen wie Produktnamen u.\u00e4. zu versehen. Zum Beispiel mit Einn\u00e4her, Halst\u00fccher, Bestickung, T-Shirts, Etiketten, oder gleich eine komplette Sonderanfertigung.\u00ab<\/p>\t\t\t\t\t\t\t\t<\/div>\n\t\t\t\t<\/div>\n\t\t\t\t\t<\/div>\n\t\t<\/div>\n\t\t\t\t\t<\/div>\n\t\t<\/section>\n\t\t\t\t<section class=\"elementor-section elementor-inner-section elementor-element elementor-element-aae8ba4 elementor-section-boxed elementor-section-height-default elementor-section-height-default\" data-id=\"aae8ba4\" data-element_type=\"section\">\n\t\t\t\t\t\t<div class=\"elementor-container elementor-column-gap-default\">\n\t\t\t\t\t<div class=\"elementor-column elementor-col-50 elementor-inner-column elementor-element elementor-element-8dbd76c\" data-id=\"8dbd76c\" data-element_type=\"column\">\n\t\t\t<div class=\"elementor-widget-wrap elementor-element-populated\">\n\t\t\t\t\t\t<div class=\"elementor-element elementor-element-70693d9 elementor-widget elementor-widget-image\" data-id=\"70693d9\" data-element_type=\"widget\" data-widget_type=\"image.default\">\n\t\t\t\t<div class=\"elementor-widget-container\">\n\t\t\t\t\t\t\t\t\t\t\t\t\t\t\t<img decoding=\"async\" width=\"221\" height=\"300\" src=\"https:\/\/althans.de\/wp-content\/uploads\/2020\/10\/althans-content-werbeartikel-KuhSkizze-221x300.png\" class=\"attachment-medium size-medium wp-image-65\" alt=\"\" srcset=\"https:\/\/althans.de\/wp-content\/uploads\/2020\/10\/althans-content-werbeartikel-KuhSkizze-221x300.png 221w, https:\/\/althans.de\/wp-content\/uploads\/2020\/10\/althans-content-werbeartikel-KuhSkizze-753x1024.png 753w, https:\/\/althans.de\/wp-content\/uploads\/2020\/10\/althans-content-werbeartikel-KuhSkizze-768x1045.png 768w, https:\/\/althans.de\/wp-content\/uploads\/2020\/10\/althans-content-werbeartikel-KuhSkizze.png 1024w\" sizes=\"(max-width: 221px) 100vw, 221px\" \/>\t\t\t\t\t\t\t\t\t\t\t\t\t\t\t<\/div>\n\t\t\t\t<\/div>\n\t\t\t\t\t<\/div>\n\t\t<\/div>\n\t\t\t\t<div class=\"elementor-column elementor-col-50 elementor-inner-column elementor-element elementor-element-f3a25fa\" data-id=\"f3a25fa\" data-element_type=\"column\">\n\t\t\t<div class=\"elementor-widget-wrap elementor-element-populated\">\n\t\t\t\t\t\t<div class=\"elementor-element elementor-element-ea42c8e elementor-widget elementor-widget-text-editor\" data-id=\"ea42c8e\" data-element_type=\"widget\" data-widget_type=\"text-editor.default\">\n\t\t\t\t<div class=\"elementor-widget-container\">\n\t\t\t\t\t\t\t\t\t<div class=\"cover inner\"><div class=\"csc-textpic csc-textpic-intext-left csc-textpic-border\"><div class=\"csc-textpic-text\"><p>\u00bbDen Geschmack des Kunden treffen: Zeigen Sie uns, wie Ihre Idee aussehen soll \u2013 ein handgezeichneter Entwurf gen\u00fcgt.\u00ab<\/p><\/div><\/div><\/div>\t\t\t\t\t\t\t\t<\/div>\n\t\t\t\t<\/div>\n\t\t\t\t\t<\/div>\n\t\t<\/div>\n\t\t\t\t\t<\/div>\n\t\t<\/section>\n\t\t\t\t\t<\/div>\n\t\t<\/div>\n\t\t\t\t\t<\/div>\n\t\t<\/section>\n\t\t\t\t<\/div>\n\t\t","protected":false},"excerpt":{"rendered":"<p>\u00bbEs gibt zahlreiche M\u00f6glichkeiten, Pl\u00fcschtiere mit Logos oder anderen Informationen wie Produktnamen u.\u00e4. zu versehen. Zum Beispiel mit Einn\u00e4her, Halst\u00fccher, Bestickung, T-Shirts, Etiketten, oder gleich eine komplette Sonderanfertigung.\u00ab \u00bbDen Geschmack des Kunden treffen: Zeigen Sie uns, wie Ihre Idee aussehen soll \u2013 ein handgezeichneter Entwurf gen\u00fcgt.\u00ab<\/p>\n","protected":false},"author":1,"featured_media":0,"parent":0,"menu_order":2,"comment_status":"closed","ping_status":"closed","template":"","meta":{"footnotes":""},"class_list":["post-10","page","type-page","status-publish","hentry"],"_links":{"self":[{"href":"https:\/\/althans.de\/index.php?rest_route=\/wp\/v2\/pages\/10","targetHints":{"allow":["GET"]}}],"collection":[{"href":"https:\/\/althans.de\/index.php?rest_route=\/wp\/v2\/pages"}],"about":[{"href":"https:\/\/althans.de\/index.php?rest_route=\/wp\/v2\/types\/page"}],"author":[{"embeddable":true,"href":"https:\/\/althans.de\/index.php?rest_route=\/wp\/v2\/users\/1"}],"replies":[{"embeddable":true,"href":"https:\/\/althans.de\/index.php?rest_route=%2Fwp%2Fv2%2Fcomments&post=10"}],"version-history":[{"count":6,"href":"https:\/\/althans.de\/index.php?rest_route=\/wp\/v2\/pages\/10\/revisions"}],"predecessor-version":[{"id":118,"href":"https:\/\/althans.de\/index.php?rest_route=\/wp\/v2\/pages\/10\/revisions\/118"}],"wp:attachment":[{"href":"https:\/\/althans.de\/index.php?rest_route=%2Fwp%2Fv2%2Fmedia&parent=10"}],"curies":[{"name":"wp","href":"https:\/\/api.w.org\/{rel}","templated":true}]}}