{"id":14,"date":"2020-10-10T17:31:11","date_gmt":"2020-10-10T17:31:11","guid":{"rendered":"https:\/\/althans.de\/?page_id=14"},"modified":"2021-03-14T21:34:43","modified_gmt":"2021-03-14T21:34:43","slug":"qualitaet","status":"publish","type":"page","link":"https:\/\/althans.de\/?page_id=14","title":{"rendered":"Qualit\u00e4t"},"content":{"rendered":"\t\t<div data-elementor-type=\"wp-page\" data-elementor-id=\"14\" class=\"elementor elementor-14\" data-elementor-post-type=\"page\">\n\t\t\t\t\t\t<section class=\"elementor-section elementor-top-section elementor-element elementor-element-bdf54e9 elementor-section-boxed elementor-section-height-default elementor-section-height-default\" data-id=\"bdf54e9\" data-element_type=\"section\">\n\t\t\t\t\t\t<div class=\"elementor-container elementor-column-gap-default\">\n\t\t\t\t\t<div class=\"elementor-column elementor-col-100 elementor-top-column elementor-element elementor-element-dd97e41\" data-id=\"dd97e41\" data-element_type=\"column\">\n\t\t\t<div class=\"elementor-widget-wrap elementor-element-populated\">\n\t\t\t\t\t\t<div class=\"elementor-element elementor-element-6a3eee3 elementor-widget elementor-widget-image\" data-id=\"6a3eee3\" data-element_type=\"widget\" data-widget_type=\"image.default\">\n\t\t\t\t<div class=\"elementor-widget-container\">\n\t\t\t\t\t\t\t\t\t\t\t\t\t\t\t<img fetchpriority=\"high\" decoding=\"async\" width=\"800\" height=\"336\" src=\"https:\/\/althans.de\/wp-content\/uploads\/2020\/10\/althans-text-qualitaet.png\" class=\"attachment-large size-large wp-image-68\" alt=\"\" srcset=\"https:\/\/althans.de\/wp-content\/uploads\/2020\/10\/althans-text-qualitaet.png 1024w, https:\/\/althans.de\/wp-content\/uploads\/2020\/10\/althans-text-qualitaet-300x126.png 300w, https:\/\/althans.de\/wp-content\/uploads\/2020\/10\/althans-text-qualitaet-768x323.png 768w\" sizes=\"(max-width: 800px) 100vw, 800px\" \/>\t\t\t\t\t\t\t\t\t\t\t\t\t\t\t<\/div>\n\t\t\t\t<\/div>\n\t\t\t\t<section class=\"elementor-section elementor-inner-section elementor-element elementor-element-ad80fbf elementor-section-boxed elementor-section-height-default elementor-section-height-default\" data-id=\"ad80fbf\" data-element_type=\"section\">\n\t\t\t\t\t\t<div class=\"elementor-container elementor-column-gap-default\">\n\t\t\t\t\t<div class=\"elementor-column elementor-col-50 elementor-inner-column elementor-element elementor-element-a97e106\" data-id=\"a97e106\" data-element_type=\"column\">\n\t\t\t<div class=\"elementor-widget-wrap elementor-element-populated\">\n\t\t\t\t\t\t<div class=\"elementor-element elementor-element-75d6090 elementor-widget elementor-widget-image\" data-id=\"75d6090\" data-element_type=\"widget\" data-widget_type=\"image.default\">\n\t\t\t\t<div class=\"elementor-widget-container\">\n\t\t\t\t\t\t\t\t\t\t\t\t\t\t\t<img decoding=\"async\" width=\"800\" height=\"800\" src=\"https:\/\/althans.de\/wp-content\/uploads\/2020\/10\/althans-content-qualitaet-katzeMaus-1024x1024.png\" class=\"attachment-large size-large wp-image-61\" alt=\"\" srcset=\"https:\/\/althans.de\/wp-content\/uploads\/2020\/10\/althans-content-qualitaet-katzeMaus.png 1024w, https:\/\/althans.de\/wp-content\/uploads\/2020\/10\/althans-content-qualitaet-katzeMaus-300x300.png 300w, https:\/\/althans.de\/wp-content\/uploads\/2020\/10\/althans-content-qualitaet-katzeMaus-150x150.png 150w, https:\/\/althans.de\/wp-content\/uploads\/2020\/10\/althans-content-qualitaet-katzeMaus-768x768.png 768w\" sizes=\"(max-width: 800px) 100vw, 800px\" \/>\t\t\t\t\t\t\t\t\t\t\t\t\t\t\t<\/div>\n\t\t\t\t<\/div>\n\t\t\t\t\t<\/div>\n\t\t<\/div>\n\t\t\t\t<div class=\"elementor-column elementor-col-50 elementor-inner-column elementor-element elementor-element-e9be8bd\" data-id=\"e9be8bd\" data-element_type=\"column\">\n\t\t\t<div class=\"elementor-widget-wrap elementor-element-populated\">\n\t\t\t\t\t\t<div class=\"elementor-element elementor-element-a9585b9 elementor-widget elementor-widget-text-editor\" data-id=\"a9585b9\" data-element_type=\"widget\" data-widget_type=\"text-editor.default\">\n\t\t\t\t<div class=\"elementor-widget-container\">\n\t\t\t\t\t\t\t\t\t<p>\u00bbAlthans-Pl\u00fcschtiere zeichnen sich nicht allein durch ihr zeitgem\u00e4\u00dfes Design aus. Auch die Produktion erf\u00fcllt h\u00f6chste Anspr\u00fcche. Alle Artikel entsprechen der europ\u00e4ischen Sicherheitsrichtlinie EN-71, und werden im Labor gepr\u00fcft. Die Produktion in Asien erfolgt ausschlie\u00dflich nach den Sozialstandards ICTI und BSCI, und ist entsprechend zertifiziert.\u00ab<\/p>\t\t\t\t\t\t\t\t<\/div>\n\t\t\t\t<\/div>\n\t\t\t\t\t<\/div>\n\t\t<\/div>\n\t\t\t\t\t<\/div>\n\t\t<\/section>\n\t\t\t\t\t<\/div>\n\t\t<\/div>\n\t\t\t\t\t<\/div>\n\t\t<\/section>\n\t\t\t\t<\/div>\n\t\t","protected":false},"excerpt":{"rendered":"<p>\u00bbAlthans-Pl\u00fcschtiere zeichnen sich nicht allein durch ihr zeitgem\u00e4\u00dfes Design aus. Auch die Produktion erf\u00fcllt h\u00f6chste Anspr\u00fcche. Alle Artikel entsprechen der europ\u00e4ischen Sicherheitsrichtlinie EN-71, und werden im Labor gepr\u00fcft. Die Produktion in Asien erfolgt ausschlie\u00dflich nach den Sozialstandards ICTI und BSCI, und ist entsprechend zertifiziert.\u00ab<\/p>\n","protected":false},"author":1,"featured_media":0,"parent":0,"menu_order":3,"comment_status":"closed","ping_status":"closed","template":"","meta":{"footnotes":""},"class_list":["post-14","page","type-page","status-publish","hentry"],"_links":{"self":[{"href":"https:\/\/althans.de\/index.php?rest_route=\/wp\/v2\/pages\/14","targetHints":{"allow":["GET"]}}],"collection":[{"href":"https:\/\/althans.de\/index.php?rest_route=\/wp\/v2\/pages"}],"about":[{"href":"https:\/\/althans.de\/index.php?rest_route=\/wp\/v2\/types\/page"}],"author":[{"embeddable":true,"href":"https:\/\/althans.de\/index.php?rest_route=\/wp\/v2\/users\/1"}],"replies":[{"embeddable":true,"href":"https:\/\/althans.de\/index.php?rest_route=%2Fwp%2Fv2%2Fcomments&post=14"}],"version-history":[{"count":3,"href":"https:\/\/althans.de\/index.php?rest_route=\/wp\/v2\/pages\/14\/revisions"}],"predecessor-version":[{"id":96,"href":"https:\/\/althans.de\/index.php?rest_route=\/wp\/v2\/pages\/14\/revisions\/96"}],"wp:attachment":[{"href":"https:\/\/althans.de\/index.php?rest_route=%2Fwp%2Fv2%2Fmedia&parent=14"}],"curies":[{"name":"wp","href":"https:\/\/api.w.org\/{rel}","templated":true}]}}